{"id":109,"date":"2024-01-18T16:22:55","date_gmt":"2024-01-18T15:22:55","guid":{"rendered":"https:\/\/tokataetlesmordicus.fr\/?page_id=109"},"modified":"2024-01-18T16:39:35","modified_gmt":"2024-01-18T15:39:35","slug":"la-periode-warner-chappell","status":"publish","type":"page","link":"https:\/\/tokataetlesmordicus.fr\/index.php\/la-periode-warner-chappell\/","title":{"rendered":"La p\u00e9riode Warner Chappell"},"content":{"rendered":"\n<p>Trois titres enregistr\u00e9s en studio par Warner Chappell : &#8220;Le P\u00e8re No\u00ebl&#8221;, &#8220;Mambo&#8221; et &#8220;Ann\u00e9es 30&#8221;<\/p>\n\n\n\n<div class=\"wp-block-columns is-layout-flex wp-container-core-columns-is-layout-9d6595d7 wp-block-columns-is-layout-flex\">\n<div class=\"wp-block-column is-layout-flow wp-block-column-is-layout-flow\"><\/div>\n\n\n\n<div class=\"wp-block-column is-layout-flow wp-block-column-is-layout-flow\"><\/div>\n<\/div>\n\n\n\n<p><a href=\"https:\/\/fr.warnerchappellpm.com\/\">https:\/\/fr.warnerchappellpm.com\/<\/a><\/p>\n\n\n<div class=\"wp-block-image is-style-default\">\n<figure data-wp-context=\"{&quot;imageId&quot;:&quot;69d51484d847f&quot;}\" data-wp-interactive=\"core\/image\" data-wp-key=\"69d51484d847f\" class=\"alignleft size-medium is-resized wp-lightbox-container\"><img loading=\"lazy\" decoding=\"async\" width=\"294\" height=\"300\" data-wp-class--hide=\"state.isContentHidden\" data-wp-class--show=\"state.isContentVisible\" data-wp-init=\"callbacks.setButtonStyles\" data-wp-on--click=\"actions.showLightbox\" data-wp-on--load=\"callbacks.setButtonStyles\" data-wp-on-window--resize=\"callbacks.setButtonStyles\" src=\"https:\/\/tokataetlesmordicus.fr\/wp-content\/uploads\/2024\/01\/K7-Tokata-Warner-Chappell-294x300.jpg\" alt=\"\" class=\"wp-image-112\" style=\"width:510px;height:auto\" srcset=\"https:\/\/tokataetlesmordicus.fr\/wp-content\/uploads\/2024\/01\/K7-Tokata-Warner-Chappell-294x300.jpg 294w, https:\/\/tokataetlesmordicus.fr\/wp-content\/uploads\/2024\/01\/K7-Tokata-Warner-Chappell-1003x1024.jpg 1003w, https:\/\/tokataetlesmordicus.fr\/wp-content\/uploads\/2024\/01\/K7-Tokata-Warner-Chappell-768x784.jpg 768w, https:\/\/tokataetlesmordicus.fr\/wp-content\/uploads\/2024\/01\/K7-Tokata-Warner-Chappell.jpg 1169w\" sizes=\"auto, (max-width: 294px) 100vw, 294px\" \/><button\n\t\t\tclass=\"lightbox-trigger\"\n\t\t\ttype=\"button\"\n\t\t\taria-haspopup=\"dialog\"\n\t\t\taria-label=\"Enlarge\"\n\t\t\tdata-wp-init=\"callbacks.initTriggerButton\"\n\t\t\tdata-wp-on--click=\"actions.showLightbox\"\n\t\t\tdata-wp-style--right=\"state.imageButtonRight\"\n\t\t\tdata-wp-style--top=\"state.imageButtonTop\"\n\t\t>\n\t\t\t<svg xmlns=\"http:\/\/www.w3.org\/2000\/svg\" width=\"12\" height=\"12\" fill=\"none\" viewBox=\"0 0 12 12\">\n\t\t\t\t<path fill=\"#fff\" d=\"M2 0a2 2 0 0 0-2 2v2h1.5V2a.5.5 0 0 1 .5-.5h2V0H2Zm2 10.5H2a.5.5 0 0 1-.5-.5V8H0v2a2 2 0 0 0 2 2h2v-1.5ZM8 12v-1.5h2a.5.5 0 0 0 .5-.5V8H12v2a2 2 0 0 1-2 2H8Zm2-12a2 2 0 0 1 2 2v2h-1.5V2a.5.5 0 0 0-.5-.5H8V0h2Z\" \/>\n\t\t\t<\/svg>\n\t\t<\/button><\/figure>\n<\/div>\n\n<div class=\"wp-block-image\">\n<figure data-wp-context=\"{&quot;imageId&quot;:&quot;69d51484d8a74&quot;}\" data-wp-interactive=\"core\/image\" data-wp-key=\"69d51484d8a74\" class=\"alignright size-medium is-resized wp-lightbox-container\"><img loading=\"lazy\" decoding=\"async\" width=\"300\" height=\"196\" data-wp-class--hide=\"state.isContentHidden\" data-wp-class--show=\"state.isContentVisible\" data-wp-init=\"callbacks.setButtonStyles\" data-wp-on--click=\"actions.showLightbox\" data-wp-on--load=\"callbacks.setButtonStyles\" data-wp-on-window--resize=\"callbacks.setButtonStyles\" src=\"https:\/\/tokataetlesmordicus.fr\/wp-content\/uploads\/2024\/01\/K7-Tokata-Warner-Annees-30-300x196.jpg\" alt=\"\" class=\"wp-image-113\" style=\"width:501px;height:auto\" srcset=\"https:\/\/tokataetlesmordicus.fr\/wp-content\/uploads\/2024\/01\/K7-Tokata-Warner-Annees-30-300x196.jpg 300w, https:\/\/tokataetlesmordicus.fr\/wp-content\/uploads\/2024\/01\/K7-Tokata-Warner-Annees-30-1024x670.jpg 1024w, https:\/\/tokataetlesmordicus.fr\/wp-content\/uploads\/2024\/01\/K7-Tokata-Warner-Annees-30-768x502.jpg 768w, https:\/\/tokataetlesmordicus.fr\/wp-content\/uploads\/2024\/01\/K7-Tokata-Warner-Annees-30.jpg 1228w\" sizes=\"auto, (max-width: 300px) 100vw, 300px\" \/><button\n\t\t\tclass=\"lightbox-trigger\"\n\t\t\ttype=\"button\"\n\t\t\taria-haspopup=\"dialog\"\n\t\t\taria-label=\"Enlarge\"\n\t\t\tdata-wp-init=\"callbacks.initTriggerButton\"\n\t\t\tdata-wp-on--click=\"actions.showLightbox\"\n\t\t\tdata-wp-style--right=\"state.imageButtonRight\"\n\t\t\tdata-wp-style--top=\"state.imageButtonTop\"\n\t\t>\n\t\t\t<svg xmlns=\"http:\/\/www.w3.org\/2000\/svg\" width=\"12\" height=\"12\" fill=\"none\" viewBox=\"0 0 12 12\">\n\t\t\t\t<path fill=\"#fff\" d=\"M2 0a2 2 0 0 0-2 2v2h1.5V2a.5.5 0 0 1 .5-.5h2V0H2Zm2 10.5H2a.5.5 0 0 1-.5-.5V8H0v2a2 2 0 0 0 2 2h2v-1.5ZM8 12v-1.5h2a.5.5 0 0 0 .5-.5V8H12v2a2 2 0 0 1-2 2H8Zm2-12a2 2 0 0 1 2 2v2h-1.5V2a.5.5 0 0 0-.5-.5H8V0h2Z\" \/>\n\t\t\t<\/svg>\n\t\t<\/button><\/figure>\n<\/div>","protected":false},"excerpt":{"rendered":"<p>Trois titres enregistr\u00e9s en studio par Warner Chappell : &#8220;Le P\u00e8re No\u00ebl&#8221;, &#8220;Mambo&#8221; et &#8220;Ann\u00e9es 30&#8221; https:\/\/fr.warnerchappellpm.com\/<\/p>\n","protected":false},"author":1,"featured_media":0,"parent":0,"menu_order":0,"comment_status":"closed","ping_status":"closed","template":"","meta":{"footnotes":""},"class_list":["post-109","page","type-page","status-publish","hentry"],"_links":{"self":[{"href":"https:\/\/tokataetlesmordicus.fr\/index.php\/wp-json\/wp\/v2\/pages\/109","targetHints":{"allow":["GET"]}}],"collection":[{"href":"https:\/\/tokataetlesmordicus.fr\/index.php\/wp-json\/wp\/v2\/pages"}],"about":[{"href":"https:\/\/tokataetlesmordicus.fr\/index.php\/wp-json\/wp\/v2\/types\/page"}],"author":[{"embeddable":true,"href":"https:\/\/tokataetlesmordicus.fr\/index.php\/wp-json\/wp\/v2\/users\/1"}],"replies":[{"embeddable":true,"href":"https:\/\/tokataetlesmordicus.fr\/index.php\/wp-json\/wp\/v2\/comments?post=109"}],"version-history":[{"count":11,"href":"https:\/\/tokataetlesmordicus.fr\/index.php\/wp-json\/wp\/v2\/pages\/109\/revisions"}],"predecessor-version":[{"id":126,"href":"https:\/\/tokataetlesmordicus.fr\/index.php\/wp-json\/wp\/v2\/pages\/109\/revisions\/126"}],"wp:attachment":[{"href":"https:\/\/tokataetlesmordicus.fr\/index.php\/wp-json\/wp\/v2\/media?parent=109"}],"curies":[{"name":"wp","href":"https:\/\/api.w.org\/{rel}","templated":true}]}}