{"id":79,"date":"2024-01-07T17:27:47","date_gmt":"2024-01-07T16:27:47","guid":{"rendered":"https:\/\/tokataetlesmordicus.fr\/?page_id=79"},"modified":"2024-01-20T18:42:22","modified_gmt":"2024-01-20T17:42:22","slug":"en-ecoute","status":"publish","type":"page","link":"https:\/\/tokataetlesmordicus.fr\/index.php\/en-ecoute\/","title":{"rendered":"En \u00e9coute"},"content":{"rendered":"\n<p>Le P\u00e8re No\u00ebl<\/p>\n\n\n\n<figure class=\"wp-block-audio\"><audio controls src=\"https:\/\/tokataetlesmordicus.fr\/wp-content\/uploads\/2024\/01\/Le-Pere-Noel.mp3\"><\/audio><\/figure>\n\n\n\n<p>Ann\u00e9es 30<\/p>\n\n\n\n<figure class=\"wp-block-audio\"><audio controls src=\"https:\/\/tokataetlesmordicus.fr\/wp-content\/uploads\/2024\/01\/Annees-30.mp3\"><\/audio><\/figure>\n\n\n\n<p>Mambo<\/p>\n\n\n\n<figure class=\"wp-block-audio\"><audio controls src=\"https:\/\/tokataetlesmordicus.fr\/wp-content\/uploads\/2024\/01\/Mambo.mp3\"><\/audio><\/figure>\n\n\n\n<p>Ma Maison ( de Campagne)<\/p>\n\n\n\n<figure class=\"wp-block-audio\"><audio controls src=\"http:\/\/tokataetlesmordicus.fr\/wp-content\/uploads\/2024\/01\/Pep-pepep.mp3\"><\/audio><\/figure>\n\n\n\n<p>En Attendant (la Viande)<\/p>\n\n\n\n<figure class=\"wp-block-audio\"><audio controls src=\"http:\/\/tokataetlesmordicus.fr\/wp-content\/uploads\/2024\/01\/En-attendant-la-viande.mp3\"><\/audio><\/figure>\n\n\n\n<p>Les Religieuses (au chocolat)<\/p>\n\n\n\n<figure class=\"wp-block-audio\"><audio controls src=\"http:\/\/tokataetlesmordicus.fr\/wp-content\/uploads\/2024\/01\/Les-religieuses.mp3\"><\/audio><\/figure>\n","protected":false},"excerpt":{"rendered":"<p>Le P\u00e8re No\u00ebl Ann\u00e9es 30 Mambo Ma Maison ( de Campagne) En Attendant (la Viande) Les Religieuses (au chocolat)<\/p>\n","protected":false},"author":1,"featured_media":0,"parent":0,"menu_order":0,"comment_status":"closed","ping_status":"closed","template":"","meta":{"footnotes":""},"class_list":["post-79","page","type-page","status-publish","hentry"],"_links":{"self":[{"href":"https:\/\/tokataetlesmordicus.fr\/index.php\/wp-json\/wp\/v2\/pages\/79","targetHints":{"allow":["GET"]}}],"collection":[{"href":"https:\/\/tokataetlesmordicus.fr\/index.php\/wp-json\/wp\/v2\/pages"}],"about":[{"href":"https:\/\/tokataetlesmordicus.fr\/index.php\/wp-json\/wp\/v2\/types\/page"}],"author":[{"embeddable":true,"href":"https:\/\/tokataetlesmordicus.fr\/index.php\/wp-json\/wp\/v2\/users\/1"}],"replies":[{"embeddable":true,"href":"https:\/\/tokataetlesmordicus.fr\/index.php\/wp-json\/wp\/v2\/comments?post=79"}],"version-history":[{"count":10,"href":"https:\/\/tokataetlesmordicus.fr\/index.php\/wp-json\/wp\/v2\/pages\/79\/revisions"}],"predecessor-version":[{"id":154,"href":"https:\/\/tokataetlesmordicus.fr\/index.php\/wp-json\/wp\/v2\/pages\/79\/revisions\/154"}],"wp:attachment":[{"href":"https:\/\/tokataetlesmordicus.fr\/index.php\/wp-json\/wp\/v2\/media?parent=79"}],"curies":[{"name":"wp","href":"https:\/\/api.w.org\/{rel}","templated":true}]}}